{"id":1611,"date":"2024-12-16T17:34:01","date_gmt":"2024-12-16T17:34:01","guid":{"rendered":"https:\/\/shop.restaurant-paschenburg.de\/?post_type=product&#038;p=1611"},"modified":"2026-04-27T11:59:30","modified_gmt":"2026-04-27T11:59:30","slug":"kulinarische-weltreise-2026","status":"publish","type":"product","link":"https:\/\/shop.restaurant-paschenburg.de\/index.php\/produkt\/kulinarische-weltreise-2026\/","title":{"rendered":"Kulinarische Weltreise 2026"},"content":{"rendered":"<p style=\"text-align:left\">19. Juni 2026<\/p>\n<p style=\"text-align:left\">Einlass ab 18:00 Uhr<\/p>\n<p style=\"text-align:left\">Beginn 18:30 Uhr<\/p>\n<p style=\"text-align:left\">Exklusives 7-Gang-Men\u00fc<\/p>\n<p>Begeben Sie sich mit uns auf eine genussvolle Entdeckungsreise rund um den Globus!<\/p>\n<p>Im Restaurant Paschenburg laden wir Sie ein zu einer kulinarischen Weltreise,<\/p>\n<p>bei der wir gemeinsam L\u00e4nder, Menschen und ihre Geschichten kennenlernen.<\/p>\n<p>Jeder Abend steht unter einem neuen Motto, inspiriert von den Aromen ferner K\u00fcchen<\/p>\n<p>und den Begegnungen mit Menschen, die uns auf dieser Reise begleiten.<\/p>\n<p>Lassen Sie sich \u00fcberraschen von raffinierten Men\u00fcs,<\/p>\n<p>besonderen Zutaten und spannenden Geschmackserlebnissen<\/p>\n<p>serviert inmitten der einzigartigen Atmosph\u00e4re der Paschenburg<\/p>\n<p>hoch \u00fcber dem Weserbergland.<\/p>\n<p>Eine Reise f\u00fcr alle Sinne \u2013 voller Genuss, Kultur und herzlicher Gastlichkeit.<\/p>\n<p>Begleitet wird der Abend von faszinierenden Menschen , zauberhaften Momenten und musikalischen Highlights<\/p>\n<p>Im Preis enthalten das 7 Gang Men\u00fc, Getr\u00e4nke w\u00e4rend der Veranstaltung und das gesamte Programm.<\/p>\n","protected":false},"excerpt":{"rendered":"<p>19. Juni 2026 Einlass ab 18:00 Uhr Beginn 18:30 Uhr Exklusives 7-Gang-Men\u00fc Begeben Sie sich mit uns auf eine genussvolle Entdeckungsreise rund um den Globus! Im Restaurant Paschenburg laden wir Sie ein zu einer kulinarischen Weltreise, bei der wir gemeinsam L\u00e4nder, Menschen und ihre Geschichten kennenlernen. Jeder Abend steht unter einem neuen Motto, inspiriert von [&hellip;]<\/p>\n","protected":false},"featured_media":2028,"comment_status":"open","ping_status":"closed","template":"","meta":{"_et_pb_use_builder":"","_et_pb_old_content":"","_et_gb_content_width":""},"product_brand":[],"product_cat":[18],"product_tag":[],"class_list":{"0":"post-1611","1":"product","2":"type-product","3":"status-publish","4":"has-post-thumbnail","6":"product_cat-produkte","8":"first","9":"instock","10":"shipping-taxable","11":"purchasable","12":"product-type-simple"},"yoast_head":"<!-- This site is optimized with the Yoast SEO plugin v27.4 - https:\/\/yoast.com\/product\/yoast-seo-wordpress\/ -->\n<title>Kulinarische Weltreise 2026 - Shop Restaurant Paschenburg<\/title>\n<meta name=\"robots\" content=\"index, follow, max-snippet:-1, max-image-preview:large, max-video-preview:-1\" \/>\n<link rel=\"canonical\" href=\"https:\/\/shop.restaurant-paschenburg.de\/index.php\/produkt\/kulinarische-weltreise-2026\/\" \/>\n<meta property=\"og:locale\" content=\"de_DE\" \/>\n<meta property=\"og:type\" content=\"article\" \/>\n<meta property=\"og:title\" content=\"Kulinarische Weltreise 2026 - Shop Restaurant Paschenburg\" \/>\n<meta property=\"og:description\" content=\"19. Juni 2026 Einlass ab 18:00 Uhr Beginn 18:30 Uhr Exklusives 7-Gang-Men\u00fc Begeben Sie sich mit uns auf eine genussvolle Entdeckungsreise rund um den Globus! Im Restaurant Paschenburg laden wir Sie ein zu einer kulinarischen Weltreise, bei der wir gemeinsam L\u00e4nder, Menschen und ihre Geschichten kennenlernen. Jeder Abend steht unter einem neuen Motto, inspiriert von [&hellip;]\" \/>\n<meta property=\"og:url\" content=\"https:\/\/shop.restaurant-paschenburg.de\/index.php\/produkt\/kulinarische-weltreise-2026\/\" \/>\n<meta property=\"og:site_name\" content=\"Shop Restaurant Paschenburg\" \/>\n<meta property=\"article:publisher\" content=\"https:\/\/www.facebook.com\/Paschenburg\/\" \/>\n<meta property=\"article:modified_time\" content=\"2026-04-27T11:59:30+00:00\" \/>\n<meta property=\"og:image\" content=\"https:\/\/shop.restaurant-paschenburg.de\/wp-content\/uploads\/2024\/12\/Web-Schob-Titelbild.jpg\" \/>\n\t<meta property=\"og:image:width\" content=\"1000\" \/>\n\t<meta property=\"og:image:height\" content=\"1000\" \/>\n\t<meta property=\"og:image:type\" content=\"image\/jpeg\" \/>\n<meta name=\"twitter:card\" content=\"summary_large_image\" \/>\n<meta name=\"twitter:label1\" content=\"Gesch\u00e4tzte Lesezeit\" \/>\n\t<meta name=\"twitter:data1\" content=\"1\u00a0Minute\" \/>\n<script type=\"application\/ld+json\" class=\"yoast-schema-graph\">{\"@context\":\"https:\\\/\\\/schema.org\",\"@graph\":[{\"@type\":\"WebPage\",\"@id\":\"https:\\\/\\\/shop.restaurant-paschenburg.de\\\/index.php\\\/produkt\\\/kulinarische-weltreise-2026\\\/\",\"url\":\"https:\\\/\\\/shop.restaurant-paschenburg.de\\\/index.php\\\/produkt\\\/kulinarische-weltreise-2026\\\/\",\"name\":\"Kulinarische Weltreise 2026 - Shop Restaurant Paschenburg\",\"isPartOf\":{\"@id\":\"https:\\\/\\\/shop.restaurant-paschenburg.de\\\/#website\"},\"primaryImageOfPage\":{\"@id\":\"https:\\\/\\\/shop.restaurant-paschenburg.de\\\/index.php\\\/produkt\\\/kulinarische-weltreise-2026\\\/#primaryimage\"},\"image\":{\"@id\":\"https:\\\/\\\/shop.restaurant-paschenburg.de\\\/index.php\\\/produkt\\\/kulinarische-weltreise-2026\\\/#primaryimage\"},\"thumbnailUrl\":\"https:\\\/\\\/shop.restaurant-paschenburg.de\\\/wp-content\\\/uploads\\\/2024\\\/12\\\/Web-Schob-Titelbild.jpg\",\"datePublished\":\"2024-12-16T17:34:01+00:00\",\"dateModified\":\"2026-04-27T11:59:30+00:00\",\"breadcrumb\":{\"@id\":\"https:\\\/\\\/shop.restaurant-paschenburg.de\\\/index.php\\\/produkt\\\/kulinarische-weltreise-2026\\\/#breadcrumb\"},\"inLanguage\":\"de\",\"potentialAction\":[{\"@type\":\"ReadAction\",\"target\":[\"https:\\\/\\\/shop.restaurant-paschenburg.de\\\/index.php\\\/produkt\\\/kulinarische-weltreise-2026\\\/\"]}]},{\"@type\":\"ImageObject\",\"inLanguage\":\"de\",\"@id\":\"https:\\\/\\\/shop.restaurant-paschenburg.de\\\/index.php\\\/produkt\\\/kulinarische-weltreise-2026\\\/#primaryimage\",\"url\":\"https:\\\/\\\/shop.restaurant-paschenburg.de\\\/wp-content\\\/uploads\\\/2024\\\/12\\\/Web-Schob-Titelbild.jpg\",\"contentUrl\":\"https:\\\/\\\/shop.restaurant-paschenburg.de\\\/wp-content\\\/uploads\\\/2024\\\/12\\\/Web-Schob-Titelbild.jpg\",\"width\":1000,\"height\":1000},{\"@type\":\"BreadcrumbList\",\"@id\":\"https:\\\/\\\/shop.restaurant-paschenburg.de\\\/index.php\\\/produkt\\\/kulinarische-weltreise-2026\\\/#breadcrumb\",\"itemListElement\":[{\"@type\":\"ListItem\",\"position\":1,\"name\":\"Startseite\",\"item\":\"https:\\\/\\\/shop.restaurant-paschenburg.de\\\/\"},{\"@type\":\"ListItem\",\"position\":2,\"name\":\"Shop\",\"item\":\"https:\\\/\\\/shop.restaurant-paschenburg.de\\\/\"},{\"@type\":\"ListItem\",\"position\":3,\"name\":\"Kulinarische Weltreise 2026\"}]},{\"@type\":\"WebSite\",\"@id\":\"https:\\\/\\\/shop.restaurant-paschenburg.de\\\/#website\",\"url\":\"https:\\\/\\\/shop.restaurant-paschenburg.de\\\/\",\"name\":\"Shop Restaurant Paschenburg\",\"description\":\"Onlineshop vom Restaurant Paschenburg\",\"publisher\":{\"@id\":\"https:\\\/\\\/shop.restaurant-paschenburg.de\\\/#organization\"},\"potentialAction\":[{\"@type\":\"SearchAction\",\"target\":{\"@type\":\"EntryPoint\",\"urlTemplate\":\"https:\\\/\\\/shop.restaurant-paschenburg.de\\\/?s={search_term_string}\"},\"query-input\":{\"@type\":\"PropertyValueSpecification\",\"valueRequired\":true,\"valueName\":\"search_term_string\"}}],\"inLanguage\":\"de\"},{\"@type\":\"Organization\",\"@id\":\"https:\\\/\\\/shop.restaurant-paschenburg.de\\\/#organization\",\"name\":\"Shop Restaurant Paschenburg\",\"url\":\"https:\\\/\\\/shop.restaurant-paschenburg.de\\\/\",\"logo\":{\"@type\":\"ImageObject\",\"inLanguage\":\"de\",\"@id\":\"https:\\\/\\\/shop.restaurant-paschenburg.de\\\/#\\\/schema\\\/logo\\\/image\\\/\",\"url\":\"https:\\\/\\\/shop.restaurant-paschenburg.de\\\/wp-content\\\/uploads\\\/2024\\\/08\\\/Logo-Paschenburg-2021.png\",\"contentUrl\":\"https:\\\/\\\/shop.restaurant-paschenburg.de\\\/wp-content\\\/uploads\\\/2024\\\/08\\\/Logo-Paschenburg-2021.png\",\"width\":1800,\"height\":489,\"caption\":\"Shop Restaurant Paschenburg\"},\"image\":{\"@id\":\"https:\\\/\\\/shop.restaurant-paschenburg.de\\\/#\\\/schema\\\/logo\\\/image\\\/\"},\"sameAs\":[\"https:\\\/\\\/www.facebook.com\\\/Paschenburg\\\/\",\"https:\\\/\\\/www.instagram.com\\\/restaurant_paschenburg\\\/\"]}]}<\/script>\n<!-- \/ Yoast SEO plugin. -->","yoast_head_json":{"title":"Kulinarische Weltreise 2026 - Shop Restaurant Paschenburg","robots":{"index":"index","follow":"follow","max-snippet":"max-snippet:-1","max-image-preview":"max-image-preview:large","max-video-preview":"max-video-preview:-1"},"canonical":"https:\/\/shop.restaurant-paschenburg.de\/index.php\/produkt\/kulinarische-weltreise-2026\/","og_locale":"de_DE","og_type":"article","og_title":"Kulinarische Weltreise 2026 - Shop Restaurant Paschenburg","og_description":"19. Juni 2026 Einlass ab 18:00 Uhr Beginn 18:30 Uhr Exklusives 7-Gang-Men\u00fc Begeben Sie sich mit uns auf eine genussvolle Entdeckungsreise rund um den Globus! Im Restaurant Paschenburg laden wir Sie ein zu einer kulinarischen Weltreise, bei der wir gemeinsam L\u00e4nder, Menschen und ihre Geschichten kennenlernen. Jeder Abend steht unter einem neuen Motto, inspiriert von [&hellip;]","og_url":"https:\/\/shop.restaurant-paschenburg.de\/index.php\/produkt\/kulinarische-weltreise-2026\/","og_site_name":"Shop Restaurant Paschenburg","article_publisher":"https:\/\/www.facebook.com\/Paschenburg\/","article_modified_time":"2026-04-27T11:59:30+00:00","og_image":[{"width":1000,"height":1000,"url":"https:\/\/shop.restaurant-paschenburg.de\/wp-content\/uploads\/2024\/12\/Web-Schob-Titelbild.jpg","type":"image\/jpeg"}],"twitter_card":"summary_large_image","twitter_misc":{"Gesch\u00e4tzte Lesezeit":"1\u00a0Minute"},"schema":{"@context":"https:\/\/schema.org","@graph":[{"@type":"WebPage","@id":"https:\/\/shop.restaurant-paschenburg.de\/index.php\/produkt\/kulinarische-weltreise-2026\/","url":"https:\/\/shop.restaurant-paschenburg.de\/index.php\/produkt\/kulinarische-weltreise-2026\/","name":"Kulinarische Weltreise 2026 - Shop Restaurant Paschenburg","isPartOf":{"@id":"https:\/\/shop.restaurant-paschenburg.de\/#website"},"primaryImageOfPage":{"@id":"https:\/\/shop.restaurant-paschenburg.de\/index.php\/produkt\/kulinarische-weltreise-2026\/#primaryimage"},"image":{"@id":"https:\/\/shop.restaurant-paschenburg.de\/index.php\/produkt\/kulinarische-weltreise-2026\/#primaryimage"},"thumbnailUrl":"https:\/\/shop.restaurant-paschenburg.de\/wp-content\/uploads\/2024\/12\/Web-Schob-Titelbild.jpg","datePublished":"2024-12-16T17:34:01+00:00","dateModified":"2026-04-27T11:59:30+00:00","breadcrumb":{"@id":"https:\/\/shop.restaurant-paschenburg.de\/index.php\/produkt\/kulinarische-weltreise-2026\/#breadcrumb"},"inLanguage":"de","potentialAction":[{"@type":"ReadAction","target":["https:\/\/shop.restaurant-paschenburg.de\/index.php\/produkt\/kulinarische-weltreise-2026\/"]}]},{"@type":"ImageObject","inLanguage":"de","@id":"https:\/\/shop.restaurant-paschenburg.de\/index.php\/produkt\/kulinarische-weltreise-2026\/#primaryimage","url":"https:\/\/shop.restaurant-paschenburg.de\/wp-content\/uploads\/2024\/12\/Web-Schob-Titelbild.jpg","contentUrl":"https:\/\/shop.restaurant-paschenburg.de\/wp-content\/uploads\/2024\/12\/Web-Schob-Titelbild.jpg","width":1000,"height":1000},{"@type":"BreadcrumbList","@id":"https:\/\/shop.restaurant-paschenburg.de\/index.php\/produkt\/kulinarische-weltreise-2026\/#breadcrumb","itemListElement":[{"@type":"ListItem","position":1,"name":"Startseite","item":"https:\/\/shop.restaurant-paschenburg.de\/"},{"@type":"ListItem","position":2,"name":"Shop","item":"https:\/\/shop.restaurant-paschenburg.de\/"},{"@type":"ListItem","position":3,"name":"Kulinarische Weltreise 2026"}]},{"@type":"WebSite","@id":"https:\/\/shop.restaurant-paschenburg.de\/#website","url":"https:\/\/shop.restaurant-paschenburg.de\/","name":"Shop Restaurant Paschenburg","description":"Onlineshop vom Restaurant Paschenburg","publisher":{"@id":"https:\/\/shop.restaurant-paschenburg.de\/#organization"},"potentialAction":[{"@type":"SearchAction","target":{"@type":"EntryPoint","urlTemplate":"https:\/\/shop.restaurant-paschenburg.de\/?s={search_term_string}"},"query-input":{"@type":"PropertyValueSpecification","valueRequired":true,"valueName":"search_term_string"}}],"inLanguage":"de"},{"@type":"Organization","@id":"https:\/\/shop.restaurant-paschenburg.de\/#organization","name":"Shop Restaurant Paschenburg","url":"https:\/\/shop.restaurant-paschenburg.de\/","logo":{"@type":"ImageObject","inLanguage":"de","@id":"https:\/\/shop.restaurant-paschenburg.de\/#\/schema\/logo\/image\/","url":"https:\/\/shop.restaurant-paschenburg.de\/wp-content\/uploads\/2024\/08\/Logo-Paschenburg-2021.png","contentUrl":"https:\/\/shop.restaurant-paschenburg.de\/wp-content\/uploads\/2024\/08\/Logo-Paschenburg-2021.png","width":1800,"height":489,"caption":"Shop Restaurant Paschenburg"},"image":{"@id":"https:\/\/shop.restaurant-paschenburg.de\/#\/schema\/logo\/image\/"},"sameAs":["https:\/\/www.facebook.com\/Paschenburg\/","https:\/\/www.instagram.com\/restaurant_paschenburg\/"]}]}},"jetpack_sharing_enabled":true,"_links":{"self":[{"href":"https:\/\/shop.restaurant-paschenburg.de\/index.php\/wp-json\/wp\/v2\/product\/1611","targetHints":{"allow":["GET"]}}],"collection":[{"href":"https:\/\/shop.restaurant-paschenburg.de\/index.php\/wp-json\/wp\/v2\/product"}],"about":[{"href":"https:\/\/shop.restaurant-paschenburg.de\/index.php\/wp-json\/wp\/v2\/types\/product"}],"replies":[{"embeddable":true,"href":"https:\/\/shop.restaurant-paschenburg.de\/index.php\/wp-json\/wp\/v2\/comments?post=1611"}],"wp:featuredmedia":[{"embeddable":true,"href":"https:\/\/shop.restaurant-paschenburg.de\/index.php\/wp-json\/wp\/v2\/media\/2028"}],"wp:attachment":[{"href":"https:\/\/shop.restaurant-paschenburg.de\/index.php\/wp-json\/wp\/v2\/media?parent=1611"}],"wp:term":[{"taxonomy":"product_brand","embeddable":true,"href":"https:\/\/shop.restaurant-paschenburg.de\/index.php\/wp-json\/wp\/v2\/product_brand?post=1611"},{"taxonomy":"product_cat","embeddable":true,"href":"https:\/\/shop.restaurant-paschenburg.de\/index.php\/wp-json\/wp\/v2\/product_cat?post=1611"},{"taxonomy":"product_tag","embeddable":true,"href":"https:\/\/shop.restaurant-paschenburg.de\/index.php\/wp-json\/wp\/v2\/product_tag?post=1611"}],"curies":[{"name":"wp","href":"https:\/\/api.w.org\/{rel}","templated":true}]}}