{"id":1771,"date":"2025-05-03T16:24:40","date_gmt":"2025-05-03T16:24:40","guid":{"rendered":"https:\/\/shop.restaurant-paschenburg.de\/?post_type=product&#038;p=1771"},"modified":"2025-09-06T18:26:40","modified_gmt":"2025-09-06T18:26:40","slug":"candle-light-dinner-fuer-2-2","status":"publish","type":"product","link":"https:\/\/shop.restaurant-paschenburg.de\/index.php\/produkt\/candle-light-dinner-fuer-2-2\/","title":{"rendered":"Candle Light Dinner f\u00fcr 2 Personen"},"content":{"rendered":"<p style=\"text-align: center;\">Genie\u00dfen Sie im<br \/>\nRestaurant Paschenburg<br \/>\nein exquisites Dinner f\u00fcr Zwei Personen<\/p>\n<p>Im Preis enthalten sind ein Vier -Gang -Men\u00fc inklusive Aperitif und Wasser. Ebenfalls enthalten sind die Tischdekoration mit Kerzen. Exklusive der Getr\u00e4nke<\/p>\n<p>F\u00fcr diesen Gutschein MUSS vorher eine Reservierung erfolgen. Bitte teilen sie Unvertr\u00e4glichkeiten mit. Den Gutschein \u00fcbersenden wir per Mail in 1\u20132 Tagen<\/p>\n<p><strong>Damit alles perfekt f\u00fcr euch vorbereitet werden kann, bitte ich dich, vorher eine Reservierung vorzunehmen.<\/strong><br \/>\n<strong>An Feiertagen ist dieses besondere Erlebnis leider nicht m\u00f6glich<\/strong><\/p>\n","protected":false},"excerpt":{"rendered":"<p>Genie\u00dfen Sie im Restaurant Paschenburg ein exquisites Dinner f\u00fcr Zwei Personen Im Preis enthalten sind ein Vier -Gang -Men\u00fc inklusive Aperitif und Wasser. Ebenfalls enthalten sind die Tischdekoration mit Kerzen. Exklusive der Getr\u00e4nke F\u00fcr diesen Gutschein MUSS vorher eine Reservierung erfolgen. Bitte teilen sie Unvertr\u00e4glichkeiten mit. Den Gutschein \u00fcbersenden wir per Mail in 1\u20132 Tagen [&hellip;]<\/p>\n","protected":false},"featured_media":1724,"comment_status":"open","ping_status":"closed","template":"","meta":{"_et_pb_use_builder":"","_et_pb_old_content":"","_et_gb_content_width":""},"product_brand":[],"product_cat":[18],"product_tag":[],"class_list":{"0":"post-1771","1":"product","2":"type-product","3":"status-publish","4":"has-post-thumbnail","6":"product_cat-produkte","8":"first","9":"instock","10":"taxable","11":"shipping-taxable","12":"purchasable","13":"product-type-simple"},"yoast_head":"<!-- This site is optimized with the Yoast SEO plugin v27.4 - https:\/\/yoast.com\/product\/yoast-seo-wordpress\/ -->\n<title>Candle Light Dinner f\u00fcr 2 Personen - Shop Restaurant Paschenburg<\/title>\n<meta name=\"robots\" content=\"index, follow, max-snippet:-1, max-image-preview:large, max-video-preview:-1\" \/>\n<link rel=\"canonical\" href=\"https:\/\/shop.restaurant-paschenburg.de\/index.php\/produkt\/candle-light-dinner-fuer-2-2\/\" \/>\n<meta property=\"og:locale\" content=\"de_DE\" \/>\n<meta property=\"og:type\" content=\"article\" \/>\n<meta property=\"og:title\" content=\"Candle Light Dinner f\u00fcr 2 Personen - Shop Restaurant Paschenburg\" \/>\n<meta property=\"og:description\" content=\"Genie\u00dfen Sie im Restaurant Paschenburg ein exquisites Dinner f\u00fcr Zwei Personen Im Preis enthalten sind ein Vier -Gang -Men\u00fc inklusive Aperitif und Wasser. Ebenfalls enthalten sind die Tischdekoration mit Kerzen. Exklusive der Getr\u00e4nke F\u00fcr diesen Gutschein MUSS vorher eine Reservierung erfolgen. Bitte teilen sie Unvertr\u00e4glichkeiten mit. Den Gutschein \u00fcbersenden wir per Mail in 1\u20132 Tagen [&hellip;]\" \/>\n<meta property=\"og:url\" content=\"https:\/\/shop.restaurant-paschenburg.de\/index.php\/produkt\/candle-light-dinner-fuer-2-2\/\" \/>\n<meta property=\"og:site_name\" content=\"Shop Restaurant Paschenburg\" \/>\n<meta property=\"article:publisher\" content=\"https:\/\/www.facebook.com\/Paschenburg\/\" \/>\n<meta property=\"article:modified_time\" content=\"2025-09-06T18:26:40+00:00\" \/>\n<meta property=\"og:image\" content=\"https:\/\/shop.restaurant-paschenburg.de\/wp-content\/uploads\/2025\/02\/hearts-8561980_1920.jpg\" \/>\n\t<meta property=\"og:image:width\" content=\"1280\" \/>\n\t<meta property=\"og:image:height\" content=\"1920\" \/>\n\t<meta property=\"og:image:type\" content=\"image\/jpeg\" \/>\n<meta name=\"twitter:card\" content=\"summary_large_image\" \/>\n<meta name=\"twitter:label1\" content=\"Gesch\u00e4tzte Lesezeit\" \/>\n\t<meta name=\"twitter:data1\" content=\"1\u00a0Minute\" \/>\n<script type=\"application\/ld+json\" class=\"yoast-schema-graph\">{\"@context\":\"https:\\\/\\\/schema.org\",\"@graph\":[{\"@type\":\"WebPage\",\"@id\":\"https:\\\/\\\/shop.restaurant-paschenburg.de\\\/index.php\\\/produkt\\\/candle-light-dinner-fuer-2-2\\\/\",\"url\":\"https:\\\/\\\/shop.restaurant-paschenburg.de\\\/index.php\\\/produkt\\\/candle-light-dinner-fuer-2-2\\\/\",\"name\":\"Candle Light Dinner f\u00fcr 2 Personen - Shop Restaurant Paschenburg\",\"isPartOf\":{\"@id\":\"https:\\\/\\\/shop.restaurant-paschenburg.de\\\/#website\"},\"primaryImageOfPage\":{\"@id\":\"https:\\\/\\\/shop.restaurant-paschenburg.de\\\/index.php\\\/produkt\\\/candle-light-dinner-fuer-2-2\\\/#primaryimage\"},\"image\":{\"@id\":\"https:\\\/\\\/shop.restaurant-paschenburg.de\\\/index.php\\\/produkt\\\/candle-light-dinner-fuer-2-2\\\/#primaryimage\"},\"thumbnailUrl\":\"https:\\\/\\\/shop.restaurant-paschenburg.de\\\/wp-content\\\/uploads\\\/2025\\\/02\\\/hearts-8561980_1920.jpg\",\"datePublished\":\"2025-05-03T16:24:40+00:00\",\"dateModified\":\"2025-09-06T18:26:40+00:00\",\"breadcrumb\":{\"@id\":\"https:\\\/\\\/shop.restaurant-paschenburg.de\\\/index.php\\\/produkt\\\/candle-light-dinner-fuer-2-2\\\/#breadcrumb\"},\"inLanguage\":\"de\",\"potentialAction\":[{\"@type\":\"ReadAction\",\"target\":[\"https:\\\/\\\/shop.restaurant-paschenburg.de\\\/index.php\\\/produkt\\\/candle-light-dinner-fuer-2-2\\\/\"]}]},{\"@type\":\"ImageObject\",\"inLanguage\":\"de\",\"@id\":\"https:\\\/\\\/shop.restaurant-paschenburg.de\\\/index.php\\\/produkt\\\/candle-light-dinner-fuer-2-2\\\/#primaryimage\",\"url\":\"https:\\\/\\\/shop.restaurant-paschenburg.de\\\/wp-content\\\/uploads\\\/2025\\\/02\\\/hearts-8561980_1920.jpg\",\"contentUrl\":\"https:\\\/\\\/shop.restaurant-paschenburg.de\\\/wp-content\\\/uploads\\\/2025\\\/02\\\/hearts-8561980_1920.jpg\",\"width\":1280,\"height\":1920,\"caption\":\"Rotes Herz in gro\u00df mit kleinen Herzen\"},{\"@type\":\"BreadcrumbList\",\"@id\":\"https:\\\/\\\/shop.restaurant-paschenburg.de\\\/index.php\\\/produkt\\\/candle-light-dinner-fuer-2-2\\\/#breadcrumb\",\"itemListElement\":[{\"@type\":\"ListItem\",\"position\":1,\"name\":\"Startseite\",\"item\":\"https:\\\/\\\/shop.restaurant-paschenburg.de\\\/\"},{\"@type\":\"ListItem\",\"position\":2,\"name\":\"Shop\",\"item\":\"https:\\\/\\\/shop.restaurant-paschenburg.de\\\/\"},{\"@type\":\"ListItem\",\"position\":3,\"name\":\"Candle Light Dinner f\u00fcr 2 Personen\"}]},{\"@type\":\"WebSite\",\"@id\":\"https:\\\/\\\/shop.restaurant-paschenburg.de\\\/#website\",\"url\":\"https:\\\/\\\/shop.restaurant-paschenburg.de\\\/\",\"name\":\"Shop Restaurant Paschenburg\",\"description\":\"Onlineshop vom Restaurant Paschenburg\",\"publisher\":{\"@id\":\"https:\\\/\\\/shop.restaurant-paschenburg.de\\\/#organization\"},\"potentialAction\":[{\"@type\":\"SearchAction\",\"target\":{\"@type\":\"EntryPoint\",\"urlTemplate\":\"https:\\\/\\\/shop.restaurant-paschenburg.de\\\/?s={search_term_string}\"},\"query-input\":{\"@type\":\"PropertyValueSpecification\",\"valueRequired\":true,\"valueName\":\"search_term_string\"}}],\"inLanguage\":\"de\"},{\"@type\":\"Organization\",\"@id\":\"https:\\\/\\\/shop.restaurant-paschenburg.de\\\/#organization\",\"name\":\"Shop Restaurant Paschenburg\",\"url\":\"https:\\\/\\\/shop.restaurant-paschenburg.de\\\/\",\"logo\":{\"@type\":\"ImageObject\",\"inLanguage\":\"de\",\"@id\":\"https:\\\/\\\/shop.restaurant-paschenburg.de\\\/#\\\/schema\\\/logo\\\/image\\\/\",\"url\":\"https:\\\/\\\/shop.restaurant-paschenburg.de\\\/wp-content\\\/uploads\\\/2024\\\/08\\\/Logo-Paschenburg-2021.png\",\"contentUrl\":\"https:\\\/\\\/shop.restaurant-paschenburg.de\\\/wp-content\\\/uploads\\\/2024\\\/08\\\/Logo-Paschenburg-2021.png\",\"width\":1800,\"height\":489,\"caption\":\"Shop Restaurant Paschenburg\"},\"image\":{\"@id\":\"https:\\\/\\\/shop.restaurant-paschenburg.de\\\/#\\\/schema\\\/logo\\\/image\\\/\"},\"sameAs\":[\"https:\\\/\\\/www.facebook.com\\\/Paschenburg\\\/\",\"https:\\\/\\\/www.instagram.com\\\/restaurant_paschenburg\\\/\"]}]}<\/script>\n<!-- \/ Yoast SEO plugin. -->","yoast_head_json":{"title":"Candle Light Dinner f\u00fcr 2 Personen - Shop Restaurant Paschenburg","robots":{"index":"index","follow":"follow","max-snippet":"max-snippet:-1","max-image-preview":"max-image-preview:large","max-video-preview":"max-video-preview:-1"},"canonical":"https:\/\/shop.restaurant-paschenburg.de\/index.php\/produkt\/candle-light-dinner-fuer-2-2\/","og_locale":"de_DE","og_type":"article","og_title":"Candle Light Dinner f\u00fcr 2 Personen - Shop Restaurant Paschenburg","og_description":"Genie\u00dfen Sie im Restaurant Paschenburg ein exquisites Dinner f\u00fcr Zwei Personen Im Preis enthalten sind ein Vier -Gang -Men\u00fc inklusive Aperitif und Wasser. Ebenfalls enthalten sind die Tischdekoration mit Kerzen. Exklusive der Getr\u00e4nke F\u00fcr diesen Gutschein MUSS vorher eine Reservierung erfolgen. Bitte teilen sie Unvertr\u00e4glichkeiten mit. Den Gutschein \u00fcbersenden wir per Mail in 1\u20132 Tagen [&hellip;]","og_url":"https:\/\/shop.restaurant-paschenburg.de\/index.php\/produkt\/candle-light-dinner-fuer-2-2\/","og_site_name":"Shop Restaurant Paschenburg","article_publisher":"https:\/\/www.facebook.com\/Paschenburg\/","article_modified_time":"2025-09-06T18:26:40+00:00","og_image":[{"width":1280,"height":1920,"url":"https:\/\/shop.restaurant-paschenburg.de\/wp-content\/uploads\/2025\/02\/hearts-8561980_1920.jpg","type":"image\/jpeg"}],"twitter_card":"summary_large_image","twitter_misc":{"Gesch\u00e4tzte Lesezeit":"1\u00a0Minute"},"schema":{"@context":"https:\/\/schema.org","@graph":[{"@type":"WebPage","@id":"https:\/\/shop.restaurant-paschenburg.de\/index.php\/produkt\/candle-light-dinner-fuer-2-2\/","url":"https:\/\/shop.restaurant-paschenburg.de\/index.php\/produkt\/candle-light-dinner-fuer-2-2\/","name":"Candle Light Dinner f\u00fcr 2 Personen - Shop Restaurant Paschenburg","isPartOf":{"@id":"https:\/\/shop.restaurant-paschenburg.de\/#website"},"primaryImageOfPage":{"@id":"https:\/\/shop.restaurant-paschenburg.de\/index.php\/produkt\/candle-light-dinner-fuer-2-2\/#primaryimage"},"image":{"@id":"https:\/\/shop.restaurant-paschenburg.de\/index.php\/produkt\/candle-light-dinner-fuer-2-2\/#primaryimage"},"thumbnailUrl":"https:\/\/shop.restaurant-paschenburg.de\/wp-content\/uploads\/2025\/02\/hearts-8561980_1920.jpg","datePublished":"2025-05-03T16:24:40+00:00","dateModified":"2025-09-06T18:26:40+00:00","breadcrumb":{"@id":"https:\/\/shop.restaurant-paschenburg.de\/index.php\/produkt\/candle-light-dinner-fuer-2-2\/#breadcrumb"},"inLanguage":"de","potentialAction":[{"@type":"ReadAction","target":["https:\/\/shop.restaurant-paschenburg.de\/index.php\/produkt\/candle-light-dinner-fuer-2-2\/"]}]},{"@type":"ImageObject","inLanguage":"de","@id":"https:\/\/shop.restaurant-paschenburg.de\/index.php\/produkt\/candle-light-dinner-fuer-2-2\/#primaryimage","url":"https:\/\/shop.restaurant-paschenburg.de\/wp-content\/uploads\/2025\/02\/hearts-8561980_1920.jpg","contentUrl":"https:\/\/shop.restaurant-paschenburg.de\/wp-content\/uploads\/2025\/02\/hearts-8561980_1920.jpg","width":1280,"height":1920,"caption":"Rotes Herz in gro\u00df mit kleinen Herzen"},{"@type":"BreadcrumbList","@id":"https:\/\/shop.restaurant-paschenburg.de\/index.php\/produkt\/candle-light-dinner-fuer-2-2\/#breadcrumb","itemListElement":[{"@type":"ListItem","position":1,"name":"Startseite","item":"https:\/\/shop.restaurant-paschenburg.de\/"},{"@type":"ListItem","position":2,"name":"Shop","item":"https:\/\/shop.restaurant-paschenburg.de\/"},{"@type":"ListItem","position":3,"name":"Candle Light Dinner f\u00fcr 2 Personen"}]},{"@type":"WebSite","@id":"https:\/\/shop.restaurant-paschenburg.de\/#website","url":"https:\/\/shop.restaurant-paschenburg.de\/","name":"Shop Restaurant Paschenburg","description":"Onlineshop vom Restaurant Paschenburg","publisher":{"@id":"https:\/\/shop.restaurant-paschenburg.de\/#organization"},"potentialAction":[{"@type":"SearchAction","target":{"@type":"EntryPoint","urlTemplate":"https:\/\/shop.restaurant-paschenburg.de\/?s={search_term_string}"},"query-input":{"@type":"PropertyValueSpecification","valueRequired":true,"valueName":"search_term_string"}}],"inLanguage":"de"},{"@type":"Organization","@id":"https:\/\/shop.restaurant-paschenburg.de\/#organization","name":"Shop Restaurant Paschenburg","url":"https:\/\/shop.restaurant-paschenburg.de\/","logo":{"@type":"ImageObject","inLanguage":"de","@id":"https:\/\/shop.restaurant-paschenburg.de\/#\/schema\/logo\/image\/","url":"https:\/\/shop.restaurant-paschenburg.de\/wp-content\/uploads\/2024\/08\/Logo-Paschenburg-2021.png","contentUrl":"https:\/\/shop.restaurant-paschenburg.de\/wp-content\/uploads\/2024\/08\/Logo-Paschenburg-2021.png","width":1800,"height":489,"caption":"Shop Restaurant Paschenburg"},"image":{"@id":"https:\/\/shop.restaurant-paschenburg.de\/#\/schema\/logo\/image\/"},"sameAs":["https:\/\/www.facebook.com\/Paschenburg\/","https:\/\/www.instagram.com\/restaurant_paschenburg\/"]}]}},"jetpack_sharing_enabled":true,"_links":{"self":[{"href":"https:\/\/shop.restaurant-paschenburg.de\/index.php\/wp-json\/wp\/v2\/product\/1771","targetHints":{"allow":["GET"]}}],"collection":[{"href":"https:\/\/shop.restaurant-paschenburg.de\/index.php\/wp-json\/wp\/v2\/product"}],"about":[{"href":"https:\/\/shop.restaurant-paschenburg.de\/index.php\/wp-json\/wp\/v2\/types\/product"}],"replies":[{"embeddable":true,"href":"https:\/\/shop.restaurant-paschenburg.de\/index.php\/wp-json\/wp\/v2\/comments?post=1771"}],"wp:featuredmedia":[{"embeddable":true,"href":"https:\/\/shop.restaurant-paschenburg.de\/index.php\/wp-json\/wp\/v2\/media\/1724"}],"wp:attachment":[{"href":"https:\/\/shop.restaurant-paschenburg.de\/index.php\/wp-json\/wp\/v2\/media?parent=1771"}],"wp:term":[{"taxonomy":"product_brand","embeddable":true,"href":"https:\/\/shop.restaurant-paschenburg.de\/index.php\/wp-json\/wp\/v2\/product_brand?post=1771"},{"taxonomy":"product_cat","embeddable":true,"href":"https:\/\/shop.restaurant-paschenburg.de\/index.php\/wp-json\/wp\/v2\/product_cat?post=1771"},{"taxonomy":"product_tag","embeddable":true,"href":"https:\/\/shop.restaurant-paschenburg.de\/index.php\/wp-json\/wp\/v2\/product_tag?post=1771"}],"curies":[{"name":"wp","href":"https:\/\/api.w.org\/{rel}","templated":true}]}}