{"id":1782,"date":"2025-05-23T08:42:27","date_gmt":"2025-05-23T08:42:27","guid":{"rendered":"https:\/\/shop.restaurant-paschenburg.de\/?post_type=product&#038;p=1782"},"modified":"2026-04-10T15:57:48","modified_gmt":"2026-04-10T15:57:48","slug":"silvester-karten-2025","status":"publish","type":"product","link":"https:\/\/shop.restaurant-paschenburg.de\/index.php\/produkt\/silvester-karten-2025\/","title":{"rendered":"Silvester Karten 2026"},"content":{"rendered":"<h3 style=\"text-align: center;\" data-start=\"0\" data-end=\"81\"><strong data-start=\"4\" data-end=\"79\">Silvester 2026 auf der Paschenburg \u2013 Ein festlicher Jahresausklang! ?????<\/strong><\/h3>\n<p style=\"text-align: center;\" data-start=\"83\" data-end=\"345\">Feiern Sie den Jahreswechsel stilvoll im\u00a0<strong data-start=\"124\" data-end=\"150\">Restaurant Paschenburg<\/strong>\u00a0und genie\u00dfen Sie ein exklusives\u00a0<strong data-start=\"183\" data-end=\"207\">5-Gang-Silvestermen\u00fc<\/strong>\u00a0in besonderem Ambiente.<\/p>\n<div class=\"flex max-w-full flex-col flex-grow\">\n<div class=\"min-h-8 text-message relative flex w-full flex-col items-end gap-2 whitespace-normal break-words text-start [.text-message+&amp;]:mt-5\" dir=\"auto\" data-message-author-role=\"assistant\" data-message-id=\"c917f621-cc5d-45ed-9dbb-058a01cdffb9\" data-message-model-slug=\"gpt-4o\">\n<div class=\"flex w-full flex-col gap-1 empty:hidden first:pt-[3px]\">\n<div class=\"markdown prose w-full break-words dark:prose-invert light\">\n<p style=\"text-align: center;\" data-start=\"83\" data-end=\"345\">Lassen Sie sich von unserer K\u00fcche verw\u00f6hnen und w\u00e4hlen Sie aus\u00a0<strong data-start=\"295\" data-end=\"326\">drei k\u00f6stlichen Hauptg\u00e4ngen<\/strong> Ihren Favoriten im Men\u00fc .<\/p>\n<p data-start=\"347\" data-end=\"591\"><strong data-start=\"347\" data-end=\"389\">Ihr festliches Silvester-Men\u00fc umfasst:<\/strong><br data-start=\"389\" data-end=\"392\" \/><strong data-start=\"395\" data-end=\"421\">Sekt zur Begr\u00fc\u00dfung<\/strong><br data-start=\"421\" data-end=\"424\" \/><strong data-start=\"428\" data-end=\"482\">exklusive G<\/strong><strong data-start=\"428\" data-end=\"482\">etr\u00e4nke <\/strong><\/p>\n<p data-start=\"347\" data-end=\"591\"><strong data-start=\"428\" data-end=\"482\">5 Gang Men\u00fc\u00a0 (drei Hauptgerichten zur Wahl)<\/strong><br data-start=\"482\" data-end=\"485\" \/><strong data-start=\"488\" data-end=\"533\">Ein Glas Sekt um Mitternacht zum Ansto\u00dfen<\/strong><br data-start=\"533\" data-end=\"536\" \/>Ein stimmungsvoller Abend mit traumhafter Aussicht<\/p>\n<p data-start=\"593\" data-end=\"663\">Starten Sie genussvoll ins neue Jahr \u2013 sichern Sie sich Ihren Platz!<\/p>\n<p data-start=\"665\" data-end=\"724\"><strong data-start=\"668\" data-end=\"698\">Reservierung erforderlich:<\/strong>\u00a0Karten Verkauf im Restaurant oder \u00fcber den Onlineshop<\/p>\n<p data-start=\"726\" data-end=\"799\" data-is-last-node=\"\" data-is-only-node=\"\">Wir freuen uns darauf, gemeinsam mit Ihnen das neue Jahr zu begr\u00fc\u00dfen! ?????<\/p>\n<\/div>\n<\/div>\n<\/div>\n<\/div>\n<div class=\"mb-2 flex gap-3 -ml-2\" tabindex=\"0\"><\/div>\n<div class=\"mb-2 flex gap-3 -ml-2\" tabindex=\"0\">85,- Pro Person<\/div>\n<div tabindex=\"0\"><\/div>\n<div tabindex=\"0\"><strong>Wintergarten\u00a0 Freie Pl\u00e4tze<\/strong><\/div>\n<div tabindex=\"0\"><strong>Restaurant Freie Pl\u00e4tze\u00a0<\/strong><\/div>\n<div tabindex=\"0\"><strong>Fachwerk Freie Pl\u00e4tze\u00a0<\/strong><\/div>\n<p>&nbsp;<\/p>\n<p style=\"text-align: center;\">Genie\u00dfen Sie ein Exklusives Men\u00fc und Erleben bei klarer Sicht die Bunten Feuerwerkslichter \u00fcber den D\u00e4chern der St\u00e4dte und D\u00f6rfer<\/p>\n","protected":false},"excerpt":{"rendered":"<p>Silvester 2026 auf der Paschenburg \u2013 Ein festlicher Jahresausklang! ????? Feiern Sie den Jahreswechsel stilvoll im\u00a0Restaurant Paschenburg\u00a0und genie\u00dfen Sie ein exklusives\u00a05-Gang-Silvestermen\u00fc\u00a0in besonderem Ambiente. Lassen Sie sich von unserer K\u00fcche verw\u00f6hnen und w\u00e4hlen Sie aus\u00a0drei k\u00f6stlichen Hauptg\u00e4ngen Ihren Favoriten im Men\u00fc . Ihr festliches Silvester-Men\u00fc umfasst:Sekt zur Begr\u00fc\u00dfungexklusive Getr\u00e4nke 5 Gang Men\u00fc\u00a0 (drei Hauptgerichten zur Wahl)Ein [&hellip;]<\/p>\n","protected":false},"featured_media":1829,"comment_status":"closed","ping_status":"closed","template":"","meta":{"_et_pb_use_builder":"","_et_pb_old_content":"","_et_gb_content_width":""},"product_brand":[],"product_cat":[18],"product_tag":[],"class_list":{"0":"post-1782","1":"product","2":"type-product","3":"status-publish","4":"has-post-thumbnail","6":"product_cat-produkte","8":"first","9":"instock","10":"taxable","11":"shipping-taxable","12":"purchasable","13":"product-type-variable"},"yoast_head":"<!-- This site is optimized with the Yoast SEO plugin v27.4 - https:\/\/yoast.com\/product\/yoast-seo-wordpress\/ -->\n<title>Silvester Karten 2026 - Shop Restaurant Paschenburg<\/title>\n<meta name=\"robots\" content=\"index, follow, max-snippet:-1, max-image-preview:large, max-video-preview:-1\" \/>\n<link rel=\"canonical\" href=\"https:\/\/shop.restaurant-paschenburg.de\/index.php\/produkt\/silvester-karten-2025\/\" \/>\n<meta property=\"og:locale\" content=\"de_DE\" \/>\n<meta property=\"og:type\" content=\"article\" \/>\n<meta property=\"og:title\" content=\"Silvester Karten 2026 - Shop Restaurant Paschenburg\" \/>\n<meta property=\"og:description\" content=\"Silvester 2026 auf der Paschenburg \u2013 Ein festlicher Jahresausklang! ????? Feiern Sie den Jahreswechsel stilvoll im\u00a0Restaurant Paschenburg\u00a0und genie\u00dfen Sie ein exklusives\u00a05-Gang-Silvestermen\u00fc\u00a0in besonderem Ambiente. Lassen Sie sich von unserer K\u00fcche verw\u00f6hnen und w\u00e4hlen Sie aus\u00a0drei k\u00f6stlichen Hauptg\u00e4ngen Ihren Favoriten im Men\u00fc . Ihr festliches Silvester-Men\u00fc umfasst:Sekt zur Begr\u00fc\u00dfungexklusive Getr\u00e4nke 5 Gang Men\u00fc\u00a0 (drei Hauptgerichten zur Wahl)Ein [&hellip;]\" \/>\n<meta property=\"og:url\" content=\"https:\/\/shop.restaurant-paschenburg.de\/index.php\/produkt\/silvester-karten-2025\/\" \/>\n<meta property=\"og:site_name\" content=\"Shop Restaurant Paschenburg\" \/>\n<meta property=\"article:publisher\" content=\"https:\/\/www.facebook.com\/Paschenburg\/\" \/>\n<meta property=\"article:modified_time\" content=\"2026-04-10T15:57:48+00:00\" \/>\n<meta property=\"og:image\" content=\"https:\/\/shop.restaurant-paschenburg.de\/wp-content\/uploads\/2025\/05\/new-years-eve-4734176_1920.jpg\" \/>\n\t<meta property=\"og:image:width\" content=\"1920\" \/>\n\t<meta property=\"og:image:height\" content=\"1280\" \/>\n\t<meta property=\"og:image:type\" content=\"image\/jpeg\" \/>\n<meta name=\"twitter:card\" content=\"summary_large_image\" \/>\n<meta name=\"twitter:label1\" content=\"Gesch\u00e4tzte Lesezeit\" \/>\n\t<meta name=\"twitter:data1\" content=\"1\u00a0Minute\" \/>\n<script type=\"application\/ld+json\" class=\"yoast-schema-graph\">{\"@context\":\"https:\\\/\\\/schema.org\",\"@graph\":[{\"@type\":\"WebPage\",\"@id\":\"https:\\\/\\\/shop.restaurant-paschenburg.de\\\/index.php\\\/produkt\\\/silvester-karten-2025\\\/\",\"url\":\"https:\\\/\\\/shop.restaurant-paschenburg.de\\\/index.php\\\/produkt\\\/silvester-karten-2025\\\/\",\"name\":\"Silvester Karten 2026 - Shop Restaurant Paschenburg\",\"isPartOf\":{\"@id\":\"https:\\\/\\\/shop.restaurant-paschenburg.de\\\/#website\"},\"primaryImageOfPage\":{\"@id\":\"https:\\\/\\\/shop.restaurant-paschenburg.de\\\/index.php\\\/produkt\\\/silvester-karten-2025\\\/#primaryimage\"},\"image\":{\"@id\":\"https:\\\/\\\/shop.restaurant-paschenburg.de\\\/index.php\\\/produkt\\\/silvester-karten-2025\\\/#primaryimage\"},\"thumbnailUrl\":\"https:\\\/\\\/shop.restaurant-paschenburg.de\\\/wp-content\\\/uploads\\\/2025\\\/05\\\/new-years-eve-4734176_1920.jpg\",\"datePublished\":\"2025-05-23T08:42:27+00:00\",\"dateModified\":\"2026-04-10T15:57:48+00:00\",\"breadcrumb\":{\"@id\":\"https:\\\/\\\/shop.restaurant-paschenburg.de\\\/index.php\\\/produkt\\\/silvester-karten-2025\\\/#breadcrumb\"},\"inLanguage\":\"de\",\"potentialAction\":[{\"@type\":\"ReadAction\",\"target\":[\"https:\\\/\\\/shop.restaurant-paschenburg.de\\\/index.php\\\/produkt\\\/silvester-karten-2025\\\/\"]}]},{\"@type\":\"ImageObject\",\"inLanguage\":\"de\",\"@id\":\"https:\\\/\\\/shop.restaurant-paschenburg.de\\\/index.php\\\/produkt\\\/silvester-karten-2025\\\/#primaryimage\",\"url\":\"https:\\\/\\\/shop.restaurant-paschenburg.de\\\/wp-content\\\/uploads\\\/2025\\\/05\\\/new-years-eve-4734176_1920.jpg\",\"contentUrl\":\"https:\\\/\\\/shop.restaurant-paschenburg.de\\\/wp-content\\\/uploads\\\/2025\\\/05\\\/new-years-eve-4734176_1920.jpg\",\"width\":1920,\"height\":1280,\"caption\":\"Sekt Flasche mit Feuerwerk\"},{\"@type\":\"BreadcrumbList\",\"@id\":\"https:\\\/\\\/shop.restaurant-paschenburg.de\\\/index.php\\\/produkt\\\/silvester-karten-2025\\\/#breadcrumb\",\"itemListElement\":[{\"@type\":\"ListItem\",\"position\":1,\"name\":\"Startseite\",\"item\":\"https:\\\/\\\/shop.restaurant-paschenburg.de\\\/\"},{\"@type\":\"ListItem\",\"position\":2,\"name\":\"Shop\",\"item\":\"https:\\\/\\\/shop.restaurant-paschenburg.de\\\/\"},{\"@type\":\"ListItem\",\"position\":3,\"name\":\"Silvester Karten 2026\"}]},{\"@type\":\"WebSite\",\"@id\":\"https:\\\/\\\/shop.restaurant-paschenburg.de\\\/#website\",\"url\":\"https:\\\/\\\/shop.restaurant-paschenburg.de\\\/\",\"name\":\"Shop Restaurant Paschenburg\",\"description\":\"Onlineshop vom Restaurant Paschenburg\",\"publisher\":{\"@id\":\"https:\\\/\\\/shop.restaurant-paschenburg.de\\\/#organization\"},\"potentialAction\":[{\"@type\":\"SearchAction\",\"target\":{\"@type\":\"EntryPoint\",\"urlTemplate\":\"https:\\\/\\\/shop.restaurant-paschenburg.de\\\/?s={search_term_string}\"},\"query-input\":{\"@type\":\"PropertyValueSpecification\",\"valueRequired\":true,\"valueName\":\"search_term_string\"}}],\"inLanguage\":\"de\"},{\"@type\":\"Organization\",\"@id\":\"https:\\\/\\\/shop.restaurant-paschenburg.de\\\/#organization\",\"name\":\"Shop Restaurant Paschenburg\",\"url\":\"https:\\\/\\\/shop.restaurant-paschenburg.de\\\/\",\"logo\":{\"@type\":\"ImageObject\",\"inLanguage\":\"de\",\"@id\":\"https:\\\/\\\/shop.restaurant-paschenburg.de\\\/#\\\/schema\\\/logo\\\/image\\\/\",\"url\":\"https:\\\/\\\/shop.restaurant-paschenburg.de\\\/wp-content\\\/uploads\\\/2024\\\/08\\\/Logo-Paschenburg-2021.png\",\"contentUrl\":\"https:\\\/\\\/shop.restaurant-paschenburg.de\\\/wp-content\\\/uploads\\\/2024\\\/08\\\/Logo-Paschenburg-2021.png\",\"width\":1800,\"height\":489,\"caption\":\"Shop Restaurant Paschenburg\"},\"image\":{\"@id\":\"https:\\\/\\\/shop.restaurant-paschenburg.de\\\/#\\\/schema\\\/logo\\\/image\\\/\"},\"sameAs\":[\"https:\\\/\\\/www.facebook.com\\\/Paschenburg\\\/\",\"https:\\\/\\\/www.instagram.com\\\/restaurant_paschenburg\\\/\"]}]}<\/script>\n<!-- \/ Yoast SEO plugin. -->","yoast_head_json":{"title":"Silvester Karten 2026 - Shop Restaurant Paschenburg","robots":{"index":"index","follow":"follow","max-snippet":"max-snippet:-1","max-image-preview":"max-image-preview:large","max-video-preview":"max-video-preview:-1"},"canonical":"https:\/\/shop.restaurant-paschenburg.de\/index.php\/produkt\/silvester-karten-2025\/","og_locale":"de_DE","og_type":"article","og_title":"Silvester Karten 2026 - Shop Restaurant Paschenburg","og_description":"Silvester 2026 auf der Paschenburg \u2013 Ein festlicher Jahresausklang! ????? Feiern Sie den Jahreswechsel stilvoll im\u00a0Restaurant Paschenburg\u00a0und genie\u00dfen Sie ein exklusives\u00a05-Gang-Silvestermen\u00fc\u00a0in besonderem Ambiente. Lassen Sie sich von unserer K\u00fcche verw\u00f6hnen und w\u00e4hlen Sie aus\u00a0drei k\u00f6stlichen Hauptg\u00e4ngen Ihren Favoriten im Men\u00fc . Ihr festliches Silvester-Men\u00fc umfasst:Sekt zur Begr\u00fc\u00dfungexklusive Getr\u00e4nke 5 Gang Men\u00fc\u00a0 (drei Hauptgerichten zur Wahl)Ein [&hellip;]","og_url":"https:\/\/shop.restaurant-paschenburg.de\/index.php\/produkt\/silvester-karten-2025\/","og_site_name":"Shop Restaurant Paschenburg","article_publisher":"https:\/\/www.facebook.com\/Paschenburg\/","article_modified_time":"2026-04-10T15:57:48+00:00","og_image":[{"width":1920,"height":1280,"url":"https:\/\/shop.restaurant-paschenburg.de\/wp-content\/uploads\/2025\/05\/new-years-eve-4734176_1920.jpg","type":"image\/jpeg"}],"twitter_card":"summary_large_image","twitter_misc":{"Gesch\u00e4tzte Lesezeit":"1\u00a0Minute"},"schema":{"@context":"https:\/\/schema.org","@graph":[{"@type":"WebPage","@id":"https:\/\/shop.restaurant-paschenburg.de\/index.php\/produkt\/silvester-karten-2025\/","url":"https:\/\/shop.restaurant-paschenburg.de\/index.php\/produkt\/silvester-karten-2025\/","name":"Silvester Karten 2026 - Shop Restaurant Paschenburg","isPartOf":{"@id":"https:\/\/shop.restaurant-paschenburg.de\/#website"},"primaryImageOfPage":{"@id":"https:\/\/shop.restaurant-paschenburg.de\/index.php\/produkt\/silvester-karten-2025\/#primaryimage"},"image":{"@id":"https:\/\/shop.restaurant-paschenburg.de\/index.php\/produkt\/silvester-karten-2025\/#primaryimage"},"thumbnailUrl":"https:\/\/shop.restaurant-paschenburg.de\/wp-content\/uploads\/2025\/05\/new-years-eve-4734176_1920.jpg","datePublished":"2025-05-23T08:42:27+00:00","dateModified":"2026-04-10T15:57:48+00:00","breadcrumb":{"@id":"https:\/\/shop.restaurant-paschenburg.de\/index.php\/produkt\/silvester-karten-2025\/#breadcrumb"},"inLanguage":"de","potentialAction":[{"@type":"ReadAction","target":["https:\/\/shop.restaurant-paschenburg.de\/index.php\/produkt\/silvester-karten-2025\/"]}]},{"@type":"ImageObject","inLanguage":"de","@id":"https:\/\/shop.restaurant-paschenburg.de\/index.php\/produkt\/silvester-karten-2025\/#primaryimage","url":"https:\/\/shop.restaurant-paschenburg.de\/wp-content\/uploads\/2025\/05\/new-years-eve-4734176_1920.jpg","contentUrl":"https:\/\/shop.restaurant-paschenburg.de\/wp-content\/uploads\/2025\/05\/new-years-eve-4734176_1920.jpg","width":1920,"height":1280,"caption":"Sekt Flasche mit Feuerwerk"},{"@type":"BreadcrumbList","@id":"https:\/\/shop.restaurant-paschenburg.de\/index.php\/produkt\/silvester-karten-2025\/#breadcrumb","itemListElement":[{"@type":"ListItem","position":1,"name":"Startseite","item":"https:\/\/shop.restaurant-paschenburg.de\/"},{"@type":"ListItem","position":2,"name":"Shop","item":"https:\/\/shop.restaurant-paschenburg.de\/"},{"@type":"ListItem","position":3,"name":"Silvester Karten 2026"}]},{"@type":"WebSite","@id":"https:\/\/shop.restaurant-paschenburg.de\/#website","url":"https:\/\/shop.restaurant-paschenburg.de\/","name":"Shop Restaurant Paschenburg","description":"Onlineshop vom Restaurant Paschenburg","publisher":{"@id":"https:\/\/shop.restaurant-paschenburg.de\/#organization"},"potentialAction":[{"@type":"SearchAction","target":{"@type":"EntryPoint","urlTemplate":"https:\/\/shop.restaurant-paschenburg.de\/?s={search_term_string}"},"query-input":{"@type":"PropertyValueSpecification","valueRequired":true,"valueName":"search_term_string"}}],"inLanguage":"de"},{"@type":"Organization","@id":"https:\/\/shop.restaurant-paschenburg.de\/#organization","name":"Shop Restaurant Paschenburg","url":"https:\/\/shop.restaurant-paschenburg.de\/","logo":{"@type":"ImageObject","inLanguage":"de","@id":"https:\/\/shop.restaurant-paschenburg.de\/#\/schema\/logo\/image\/","url":"https:\/\/shop.restaurant-paschenburg.de\/wp-content\/uploads\/2024\/08\/Logo-Paschenburg-2021.png","contentUrl":"https:\/\/shop.restaurant-paschenburg.de\/wp-content\/uploads\/2024\/08\/Logo-Paschenburg-2021.png","width":1800,"height":489,"caption":"Shop Restaurant Paschenburg"},"image":{"@id":"https:\/\/shop.restaurant-paschenburg.de\/#\/schema\/logo\/image\/"},"sameAs":["https:\/\/www.facebook.com\/Paschenburg\/","https:\/\/www.instagram.com\/restaurant_paschenburg\/"]}]}},"jetpack_sharing_enabled":true,"_links":{"self":[{"href":"https:\/\/shop.restaurant-paschenburg.de\/index.php\/wp-json\/wp\/v2\/product\/1782","targetHints":{"allow":["GET"]}}],"collection":[{"href":"https:\/\/shop.restaurant-paschenburg.de\/index.php\/wp-json\/wp\/v2\/product"}],"about":[{"href":"https:\/\/shop.restaurant-paschenburg.de\/index.php\/wp-json\/wp\/v2\/types\/product"}],"replies":[{"embeddable":true,"href":"https:\/\/shop.restaurant-paschenburg.de\/index.php\/wp-json\/wp\/v2\/comments?post=1782"}],"wp:featuredmedia":[{"embeddable":true,"href":"https:\/\/shop.restaurant-paschenburg.de\/index.php\/wp-json\/wp\/v2\/media\/1829"}],"wp:attachment":[{"href":"https:\/\/shop.restaurant-paschenburg.de\/index.php\/wp-json\/wp\/v2\/media?parent=1782"}],"wp:term":[{"taxonomy":"product_brand","embeddable":true,"href":"https:\/\/shop.restaurant-paschenburg.de\/index.php\/wp-json\/wp\/v2\/product_brand?post=1782"},{"taxonomy":"product_cat","embeddable":true,"href":"https:\/\/shop.restaurant-paschenburg.de\/index.php\/wp-json\/wp\/v2\/product_cat?post=1782"},{"taxonomy":"product_tag","embeddable":true,"href":"https:\/\/shop.restaurant-paschenburg.de\/index.php\/wp-json\/wp\/v2\/product_tag?post=1782"}],"curies":[{"name":"wp","href":"https:\/\/api.w.org\/{rel}","templated":true}]}}