{"id":2075,"date":"2025-12-07T12:52:14","date_gmt":"2025-12-07T12:52:14","guid":{"rendered":"https:\/\/shop.restaurant-paschenburg.de\/?post_type=product&#038;p=2075"},"modified":"2026-03-10T19:50:58","modified_gmt":"2026-03-10T19:50:58","slug":"runter-vom-berg-und-rauf-auf-die-schiene-30-08-2026","status":"publish","type":"product","link":"https:\/\/shop.restaurant-paschenburg.de\/index.php\/produkt\/runter-vom-berg-und-rauf-auf-die-schiene-30-08-2026\/","title":{"rendered":"Runter vom Berg und rauf auf die Schiene 30.08.2026 \/ 15:00 \u2013 19:00 Uhr"},"content":{"rendered":"<p>\u201eRunter vom Berg und rauf auf die Schiene\u201c<br \/>\nErleben Sie ein au\u00dfergew\u00f6hnliches kulinarisches Abenteuer, das die traditionsreiche Paschenburg mit der historischen Landeseisenbahn Lippe e. V. verbindet.<\/p>\n<p>Startpunkt ist der Bahnhof B\u00f6singfeld, von dem aus Sie zu einer exklusiven Rundreise in einer historischen Bahn aufbrechen. W\u00e4hrend die Landschaft an Ihnen vor\u00fcberzieht, genie\u00dfen Sie eine sorgf\u00e4ltig abgestimmte Auswahl an Speisen und Getr\u00e4nken \u2013 liebevoll zubereitet vom Restaurant Paschenburg und vollst\u00e4ndig im Preis enthalten.<\/p>\n<p>Diese einmalige Fahrt vereint Nostalgie, Genuss und die Magie historischer Eisenbahnen zu einem Erlebnis, das Sie so schnell nicht vergessen werden.<\/p>\n<p>Preis: \u20ac 130,00 pro Person<br \/>\nInklusive: Rundfahrt \u00b7 ausgew\u00e4hlte Speisen \u00b7 begleitende Getr\u00e4nke<\/p>\n<p>Ein idealer Ausflug f\u00fcr Genie\u00dfer, Entdecker und alle, die Tradition und Kulinarik auf besondere Weise erleben m\u00f6chten.<\/p>\n","protected":false},"excerpt":{"rendered":"<p>\u201eRunter vom Berg und rauf auf die Schiene\u201c Erleben Sie ein au\u00dfergew\u00f6hnliches kulinarisches Abenteuer, das die traditionsreiche Paschenburg mit der historischen Landeseisenbahn Lippe e. V. verbindet. Startpunkt ist der Bahnhof B\u00f6singfeld, von dem aus Sie zu einer exklusiven Rundreise in einer historischen Bahn aufbrechen. W\u00e4hrend die Landschaft an Ihnen vor\u00fcberzieht, genie\u00dfen Sie eine sorgf\u00e4ltig abgestimmte [&hellip;]<\/p>\n","protected":false},"featured_media":2076,"comment_status":"closed","ping_status":"closed","template":"","meta":{"_et_pb_use_builder":"","_et_pb_old_content":"","_et_gb_content_width":""},"product_brand":[],"product_cat":[18],"product_tag":[],"class_list":{"0":"post-2075","1":"product","2":"type-product","3":"status-publish","4":"has-post-thumbnail","6":"product_cat-produkte","8":"first","9":"instock","10":"featured","11":"shipping-taxable","12":"purchasable","13":"product-type-simple"},"yoast_head":"<!-- This site is optimized with the Yoast SEO plugin v27.4 - https:\/\/yoast.com\/product\/yoast-seo-wordpress\/ -->\n<title>Runter vom Berg und rauf auf die Schiene 30.08.2026 \/ 15:00 \u2013 19:00 Uhr - Shop Restaurant Paschenburg<\/title>\n<meta name=\"robots\" content=\"index, follow, max-snippet:-1, max-image-preview:large, max-video-preview:-1\" \/>\n<link rel=\"canonical\" href=\"https:\/\/shop.restaurant-paschenburg.de\/index.php\/produkt\/runter-vom-berg-und-rauf-auf-die-schiene-30-08-2026\/\" \/>\n<meta property=\"og:locale\" content=\"de_DE\" \/>\n<meta property=\"og:type\" content=\"article\" \/>\n<meta property=\"og:title\" content=\"Runter vom Berg und rauf auf die Schiene 30.08.2026 \/ 15:00 \u2013 19:00 Uhr - Shop Restaurant Paschenburg\" \/>\n<meta property=\"og:description\" content=\"\u201eRunter vom Berg und rauf auf die Schiene\u201c Erleben Sie ein au\u00dfergew\u00f6hnliches kulinarisches Abenteuer, das die traditionsreiche Paschenburg mit der historischen Landeseisenbahn Lippe e. V. verbindet. Startpunkt ist der Bahnhof B\u00f6singfeld, von dem aus Sie zu einer exklusiven Rundreise in einer historischen Bahn aufbrechen. W\u00e4hrend die Landschaft an Ihnen vor\u00fcberzieht, genie\u00dfen Sie eine sorgf\u00e4ltig abgestimmte [&hellip;]\" \/>\n<meta property=\"og:url\" content=\"https:\/\/shop.restaurant-paschenburg.de\/index.php\/produkt\/runter-vom-berg-und-rauf-auf-die-schiene-30-08-2026\/\" \/>\n<meta property=\"og:site_name\" content=\"Shop Restaurant Paschenburg\" \/>\n<meta property=\"article:publisher\" content=\"https:\/\/www.facebook.com\/Paschenburg\/\" \/>\n<meta property=\"article:modified_time\" content=\"2026-03-10T19:50:58+00:00\" \/>\n<meta property=\"og:image\" content=\"https:\/\/shop.restaurant-paschenburg.de\/wp-content\/uploads\/2025\/12\/file_00000000123461f4ba194d6850953b3a-683x1024.png\" \/>\n\t<meta property=\"og:image:width\" content=\"683\" \/>\n\t<meta property=\"og:image:height\" content=\"1024\" \/>\n\t<meta property=\"og:image:type\" content=\"image\/png\" \/>\n<meta name=\"twitter:card\" content=\"summary_large_image\" \/>\n<meta name=\"twitter:label1\" content=\"Gesch\u00e4tzte Lesezeit\" \/>\n\t<meta name=\"twitter:data1\" content=\"1\u00a0Minute\" \/>\n<script type=\"application\/ld+json\" class=\"yoast-schema-graph\">{\"@context\":\"https:\\\/\\\/schema.org\",\"@graph\":[{\"@type\":\"WebPage\",\"@id\":\"https:\\\/\\\/shop.restaurant-paschenburg.de\\\/index.php\\\/produkt\\\/runter-vom-berg-und-rauf-auf-die-schiene-30-08-2026\\\/\",\"url\":\"https:\\\/\\\/shop.restaurant-paschenburg.de\\\/index.php\\\/produkt\\\/runter-vom-berg-und-rauf-auf-die-schiene-30-08-2026\\\/\",\"name\":\"Runter vom Berg und rauf auf die Schiene 30.08.2026 \\\/ 15:00 \u2013 19:00 Uhr - Shop Restaurant Paschenburg\",\"isPartOf\":{\"@id\":\"https:\\\/\\\/shop.restaurant-paschenburg.de\\\/#website\"},\"primaryImageOfPage\":{\"@id\":\"https:\\\/\\\/shop.restaurant-paschenburg.de\\\/index.php\\\/produkt\\\/runter-vom-berg-und-rauf-auf-die-schiene-30-08-2026\\\/#primaryimage\"},\"image\":{\"@id\":\"https:\\\/\\\/shop.restaurant-paschenburg.de\\\/index.php\\\/produkt\\\/runter-vom-berg-und-rauf-auf-die-schiene-30-08-2026\\\/#primaryimage\"},\"thumbnailUrl\":\"https:\\\/\\\/shop.restaurant-paschenburg.de\\\/wp-content\\\/uploads\\\/2025\\\/12\\\/file_00000000123461f4ba194d6850953b3a.png\",\"datePublished\":\"2025-12-07T12:52:14+00:00\",\"dateModified\":\"2026-03-10T19:50:58+00:00\",\"breadcrumb\":{\"@id\":\"https:\\\/\\\/shop.restaurant-paschenburg.de\\\/index.php\\\/produkt\\\/runter-vom-berg-und-rauf-auf-die-schiene-30-08-2026\\\/#breadcrumb\"},\"inLanguage\":\"de\",\"potentialAction\":[{\"@type\":\"ReadAction\",\"target\":[\"https:\\\/\\\/shop.restaurant-paschenburg.de\\\/index.php\\\/produkt\\\/runter-vom-berg-und-rauf-auf-die-schiene-30-08-2026\\\/\"]}]},{\"@type\":\"ImageObject\",\"inLanguage\":\"de\",\"@id\":\"https:\\\/\\\/shop.restaurant-paschenburg.de\\\/index.php\\\/produkt\\\/runter-vom-berg-und-rauf-auf-die-schiene-30-08-2026\\\/#primaryimage\",\"url\":\"https:\\\/\\\/shop.restaurant-paschenburg.de\\\/wp-content\\\/uploads\\\/2025\\\/12\\\/file_00000000123461f4ba194d6850953b3a.png\",\"contentUrl\":\"https:\\\/\\\/shop.restaurant-paschenburg.de\\\/wp-content\\\/uploads\\\/2025\\\/12\\\/file_00000000123461f4ba194d6850953b3a.png\",\"width\":1024,\"height\":1536},{\"@type\":\"BreadcrumbList\",\"@id\":\"https:\\\/\\\/shop.restaurant-paschenburg.de\\\/index.php\\\/produkt\\\/runter-vom-berg-und-rauf-auf-die-schiene-30-08-2026\\\/#breadcrumb\",\"itemListElement\":[{\"@type\":\"ListItem\",\"position\":1,\"name\":\"Startseite\",\"item\":\"https:\\\/\\\/shop.restaurant-paschenburg.de\\\/\"},{\"@type\":\"ListItem\",\"position\":2,\"name\":\"Shop\",\"item\":\"https:\\\/\\\/shop.restaurant-paschenburg.de\\\/\"},{\"@type\":\"ListItem\",\"position\":3,\"name\":\"Runter vom Berg und rauf auf die Schiene 30.08.2026 \\\/ 15:00 \u2013 19:00 Uhr\"}]},{\"@type\":\"WebSite\",\"@id\":\"https:\\\/\\\/shop.restaurant-paschenburg.de\\\/#website\",\"url\":\"https:\\\/\\\/shop.restaurant-paschenburg.de\\\/\",\"name\":\"Shop Restaurant Paschenburg\",\"description\":\"Onlineshop vom Restaurant Paschenburg\",\"publisher\":{\"@id\":\"https:\\\/\\\/shop.restaurant-paschenburg.de\\\/#organization\"},\"potentialAction\":[{\"@type\":\"SearchAction\",\"target\":{\"@type\":\"EntryPoint\",\"urlTemplate\":\"https:\\\/\\\/shop.restaurant-paschenburg.de\\\/?s={search_term_string}\"},\"query-input\":{\"@type\":\"PropertyValueSpecification\",\"valueRequired\":true,\"valueName\":\"search_term_string\"}}],\"inLanguage\":\"de\"},{\"@type\":\"Organization\",\"@id\":\"https:\\\/\\\/shop.restaurant-paschenburg.de\\\/#organization\",\"name\":\"Shop Restaurant Paschenburg\",\"url\":\"https:\\\/\\\/shop.restaurant-paschenburg.de\\\/\",\"logo\":{\"@type\":\"ImageObject\",\"inLanguage\":\"de\",\"@id\":\"https:\\\/\\\/shop.restaurant-paschenburg.de\\\/#\\\/schema\\\/logo\\\/image\\\/\",\"url\":\"https:\\\/\\\/shop.restaurant-paschenburg.de\\\/wp-content\\\/uploads\\\/2024\\\/08\\\/Logo-Paschenburg-2021.png\",\"contentUrl\":\"https:\\\/\\\/shop.restaurant-paschenburg.de\\\/wp-content\\\/uploads\\\/2024\\\/08\\\/Logo-Paschenburg-2021.png\",\"width\":1800,\"height\":489,\"caption\":\"Shop Restaurant Paschenburg\"},\"image\":{\"@id\":\"https:\\\/\\\/shop.restaurant-paschenburg.de\\\/#\\\/schema\\\/logo\\\/image\\\/\"},\"sameAs\":[\"https:\\\/\\\/www.facebook.com\\\/Paschenburg\\\/\",\"https:\\\/\\\/www.instagram.com\\\/restaurant_paschenburg\\\/\"]}]}<\/script>\n<!-- \/ Yoast SEO plugin. -->","yoast_head_json":{"title":"Runter vom Berg und rauf auf die Schiene 30.08.2026 \/ 15:00 \u2013 19:00 Uhr - Shop Restaurant Paschenburg","robots":{"index":"index","follow":"follow","max-snippet":"max-snippet:-1","max-image-preview":"max-image-preview:large","max-video-preview":"max-video-preview:-1"},"canonical":"https:\/\/shop.restaurant-paschenburg.de\/index.php\/produkt\/runter-vom-berg-und-rauf-auf-die-schiene-30-08-2026\/","og_locale":"de_DE","og_type":"article","og_title":"Runter vom Berg und rauf auf die Schiene 30.08.2026 \/ 15:00 \u2013 19:00 Uhr - Shop Restaurant Paschenburg","og_description":"\u201eRunter vom Berg und rauf auf die Schiene\u201c Erleben Sie ein au\u00dfergew\u00f6hnliches kulinarisches Abenteuer, das die traditionsreiche Paschenburg mit der historischen Landeseisenbahn Lippe e. V. verbindet. Startpunkt ist der Bahnhof B\u00f6singfeld, von dem aus Sie zu einer exklusiven Rundreise in einer historischen Bahn aufbrechen. W\u00e4hrend die Landschaft an Ihnen vor\u00fcberzieht, genie\u00dfen Sie eine sorgf\u00e4ltig abgestimmte [&hellip;]","og_url":"https:\/\/shop.restaurant-paschenburg.de\/index.php\/produkt\/runter-vom-berg-und-rauf-auf-die-schiene-30-08-2026\/","og_site_name":"Shop Restaurant Paschenburg","article_publisher":"https:\/\/www.facebook.com\/Paschenburg\/","article_modified_time":"2026-03-10T19:50:58+00:00","og_image":[{"width":683,"height":1024,"url":"https:\/\/shop.restaurant-paschenburg.de\/wp-content\/uploads\/2025\/12\/file_00000000123461f4ba194d6850953b3a-683x1024.png","type":"image\/png"}],"twitter_card":"summary_large_image","twitter_misc":{"Gesch\u00e4tzte Lesezeit":"1\u00a0Minute"},"schema":{"@context":"https:\/\/schema.org","@graph":[{"@type":"WebPage","@id":"https:\/\/shop.restaurant-paschenburg.de\/index.php\/produkt\/runter-vom-berg-und-rauf-auf-die-schiene-30-08-2026\/","url":"https:\/\/shop.restaurant-paschenburg.de\/index.php\/produkt\/runter-vom-berg-und-rauf-auf-die-schiene-30-08-2026\/","name":"Runter vom Berg und rauf auf die Schiene 30.08.2026 \/ 15:00 \u2013 19:00 Uhr - Shop Restaurant Paschenburg","isPartOf":{"@id":"https:\/\/shop.restaurant-paschenburg.de\/#website"},"primaryImageOfPage":{"@id":"https:\/\/shop.restaurant-paschenburg.de\/index.php\/produkt\/runter-vom-berg-und-rauf-auf-die-schiene-30-08-2026\/#primaryimage"},"image":{"@id":"https:\/\/shop.restaurant-paschenburg.de\/index.php\/produkt\/runter-vom-berg-und-rauf-auf-die-schiene-30-08-2026\/#primaryimage"},"thumbnailUrl":"https:\/\/shop.restaurant-paschenburg.de\/wp-content\/uploads\/2025\/12\/file_00000000123461f4ba194d6850953b3a.png","datePublished":"2025-12-07T12:52:14+00:00","dateModified":"2026-03-10T19:50:58+00:00","breadcrumb":{"@id":"https:\/\/shop.restaurant-paschenburg.de\/index.php\/produkt\/runter-vom-berg-und-rauf-auf-die-schiene-30-08-2026\/#breadcrumb"},"inLanguage":"de","potentialAction":[{"@type":"ReadAction","target":["https:\/\/shop.restaurant-paschenburg.de\/index.php\/produkt\/runter-vom-berg-und-rauf-auf-die-schiene-30-08-2026\/"]}]},{"@type":"ImageObject","inLanguage":"de","@id":"https:\/\/shop.restaurant-paschenburg.de\/index.php\/produkt\/runter-vom-berg-und-rauf-auf-die-schiene-30-08-2026\/#primaryimage","url":"https:\/\/shop.restaurant-paschenburg.de\/wp-content\/uploads\/2025\/12\/file_00000000123461f4ba194d6850953b3a.png","contentUrl":"https:\/\/shop.restaurant-paschenburg.de\/wp-content\/uploads\/2025\/12\/file_00000000123461f4ba194d6850953b3a.png","width":1024,"height":1536},{"@type":"BreadcrumbList","@id":"https:\/\/shop.restaurant-paschenburg.de\/index.php\/produkt\/runter-vom-berg-und-rauf-auf-die-schiene-30-08-2026\/#breadcrumb","itemListElement":[{"@type":"ListItem","position":1,"name":"Startseite","item":"https:\/\/shop.restaurant-paschenburg.de\/"},{"@type":"ListItem","position":2,"name":"Shop","item":"https:\/\/shop.restaurant-paschenburg.de\/"},{"@type":"ListItem","position":3,"name":"Runter vom Berg und rauf auf die Schiene 30.08.2026 \/ 15:00 \u2013 19:00 Uhr"}]},{"@type":"WebSite","@id":"https:\/\/shop.restaurant-paschenburg.de\/#website","url":"https:\/\/shop.restaurant-paschenburg.de\/","name":"Shop Restaurant Paschenburg","description":"Onlineshop vom Restaurant Paschenburg","publisher":{"@id":"https:\/\/shop.restaurant-paschenburg.de\/#organization"},"potentialAction":[{"@type":"SearchAction","target":{"@type":"EntryPoint","urlTemplate":"https:\/\/shop.restaurant-paschenburg.de\/?s={search_term_string}"},"query-input":{"@type":"PropertyValueSpecification","valueRequired":true,"valueName":"search_term_string"}}],"inLanguage":"de"},{"@type":"Organization","@id":"https:\/\/shop.restaurant-paschenburg.de\/#organization","name":"Shop Restaurant Paschenburg","url":"https:\/\/shop.restaurant-paschenburg.de\/","logo":{"@type":"ImageObject","inLanguage":"de","@id":"https:\/\/shop.restaurant-paschenburg.de\/#\/schema\/logo\/image\/","url":"https:\/\/shop.restaurant-paschenburg.de\/wp-content\/uploads\/2024\/08\/Logo-Paschenburg-2021.png","contentUrl":"https:\/\/shop.restaurant-paschenburg.de\/wp-content\/uploads\/2024\/08\/Logo-Paschenburg-2021.png","width":1800,"height":489,"caption":"Shop Restaurant Paschenburg"},"image":{"@id":"https:\/\/shop.restaurant-paschenburg.de\/#\/schema\/logo\/image\/"},"sameAs":["https:\/\/www.facebook.com\/Paschenburg\/","https:\/\/www.instagram.com\/restaurant_paschenburg\/"]}]}},"jetpack_sharing_enabled":true,"_links":{"self":[{"href":"https:\/\/shop.restaurant-paschenburg.de\/index.php\/wp-json\/wp\/v2\/product\/2075","targetHints":{"allow":["GET"]}}],"collection":[{"href":"https:\/\/shop.restaurant-paschenburg.de\/index.php\/wp-json\/wp\/v2\/product"}],"about":[{"href":"https:\/\/shop.restaurant-paschenburg.de\/index.php\/wp-json\/wp\/v2\/types\/product"}],"replies":[{"embeddable":true,"href":"https:\/\/shop.restaurant-paschenburg.de\/index.php\/wp-json\/wp\/v2\/comments?post=2075"}],"wp:featuredmedia":[{"embeddable":true,"href":"https:\/\/shop.restaurant-paschenburg.de\/index.php\/wp-json\/wp\/v2\/media\/2076"}],"wp:attachment":[{"href":"https:\/\/shop.restaurant-paschenburg.de\/index.php\/wp-json\/wp\/v2\/media?parent=2075"}],"wp:term":[{"taxonomy":"product_brand","embeddable":true,"href":"https:\/\/shop.restaurant-paschenburg.de\/index.php\/wp-json\/wp\/v2\/product_brand?post=2075"},{"taxonomy":"product_cat","embeddable":true,"href":"https:\/\/shop.restaurant-paschenburg.de\/index.php\/wp-json\/wp\/v2\/product_cat?post=2075"},{"taxonomy":"product_tag","embeddable":true,"href":"https:\/\/shop.restaurant-paschenburg.de\/index.php\/wp-json\/wp\/v2\/product_tag?post=2075"}],"curies":[{"name":"wp","href":"https:\/\/api.w.org\/{rel}","templated":true}]}}